{"id":12183,"date":"2026-02-18T15:14:18","date_gmt":"2026-02-18T20:14:18","guid":{"rendered":"https:\/\/tickets.alanteflamenco.com\/?post_type=product&#038;p=12183"},"modified":"2026-02-18T15:14:18","modified_gmt":"2026-02-18T20:14:18","slug":"flamencopalooza-friday-october-11-8pm-guest-andrea-gonzalez-copy","status":"publish","type":"product","link":"https:\/\/tickets.alanteflamenco.com\/index.php\/product\/flamencopalooza-friday-october-11-8pm-guest-andrea-gonzalez-copy\/","title":{"rendered":"FlamencoPalooza-FRIDAY, October 11 @ 8pm Guest: Andrea Gonz\u00e1lez (Copy)"},"content":{"rendered":"<div>\n<p><span style=\"font-weight: 400;\">The Flamencura Tablao welcomes an All-Star lineup this October at Flamencopalooza! On three nights, three different dynamic Guest Dancers will burn up the stage at Flamencura, alongside A&#8217;lante Flamenco&#8217;s always-fiery offerings. Featuring Andrea Gonz\u00e1lez&#8217; virtuosic and captivating dance on Friday, Genevieve Obreg\u00f3n&#8217;s mesmerizing movement on Saturday, and the raw power and precision of Jhon &#8220;El Ni\u00f1o&#8221; Molina on Sunday! Also spotlighting A&#8217;lante dancers Olivia Chacon, Claire Spera, and Sofia Hurtado and A&#8217;lante&#8217;s formidable musicians, Jose Manuel Tejeda, Isai Chacon, Celia Corrales, and Tony Hampton.<\/span><\/p>\n<p><span style=\"font-weight: 400;\">Choose one night or sample all three!\u00a0<\/span><\/p>\n<\/div>\n<div><\/div>\n<div>Showtimes:<\/div>\n<div>\n<div>Friday, OCTOBER 11, 8pm (doors open at 7:30pm) guest Andrea Gonz\u00e1lez<\/div>\n<div>Saturday, OCTOBER 12, 8pm (doors open at 7:30pm) guest Genevieve Obreg\u00f3n<\/div>\n<div>Sunday, OCTOBER 13, 7pm (doors open at 6:30pm) guest Jhon &#8220;El Ni\u00f1o&#8221; Molina<\/div>\n<\/div>\n<p>Tickets are $35 and you can BYOB, or enjoy complimentary sangria (until it runs out)!<\/p>\n<p>\u201cFlamencoPalooza\u201d takes place at <a href=\"https:\/\/goo.gl\/maps\/z5Hepj7AjV17wnQcA\" target=\"_blank\" rel=\"noopener\" data-saferedirecturl=\"https:\/\/www.google.com\/url?q=https:\/\/goo.gl\/maps\/z5Hepj7AjV17wnQcA&amp;source=gmail&amp;ust=1637881159661000&amp;usg=AOvVaw0WBivR4k9XnGPeX5dl2L5u\">Flamencura Music and Dance Studio, 8910 Research Suite D3 .\u00a0<\/a>\u00a0Look for the big red and white polka dot \u201cFlamencura\u201d sign, and enter into the parking lot after PinBallz (<a href=\"https:\/\/flamencura.org\/driving-directions\/\">more directions with photos here<\/a>). The parking lot has only one entrance so if you miss it, just take the first turn around under 183 and try again. Continue all the way up the drive and take a right at the next parking lot. We\u2019re at the far end, near the Kung Fu\/Tai Chi school.<\/p>\n","protected":false},"excerpt":{"rendered":"<p>-All tickets will be at Will Call<br \/>\n-Doors open at 7:30pm show at 8:00pm<br \/>\n-BYOB or Free sangria (until it runs out)<br \/>\n-Please text 512 942 7892 for questions<br \/>\n&#8211;<a href=\"https:\/\/flamencura.org\/driving-directions\/\">Driving directions<\/a><\/p>\n","protected":false},"featured_media":12084,"template":"","meta":{"_et_pb_use_builder":"","_et_pb_old_content":"","_et_gb_content_width":""},"product_brand":[],"product_cat":[23],"product_tag":[],"class_list":{"0":"post-12183","1":"product","2":"type-product","3":"status-publish","4":"has-post-thumbnail","6":"product_cat-past-shows","8":"first","9":"outofstock","10":"virtual","11":"purchasable","12":"product-type-simple"},"_links":{"self":[{"href":"https:\/\/tickets.alanteflamenco.com\/index.php\/wp-json\/wp\/v2\/product\/12183","targetHints":{"allow":["GET"]}}],"collection":[{"href":"https:\/\/tickets.alanteflamenco.com\/index.php\/wp-json\/wp\/v2\/product"}],"about":[{"href":"https:\/\/tickets.alanteflamenco.com\/index.php\/wp-json\/wp\/v2\/types\/product"}],"wp:featuredmedia":[{"embeddable":true,"href":"https:\/\/tickets.alanteflamenco.com\/index.php\/wp-json\/wp\/v2\/media\/12084"}],"wp:attachment":[{"href":"https:\/\/tickets.alanteflamenco.com\/index.php\/wp-json\/wp\/v2\/media?parent=12183"}],"wp:term":[{"taxonomy":"product_brand","embeddable":true,"href":"https:\/\/tickets.alanteflamenco.com\/index.php\/wp-json\/wp\/v2\/product_brand?post=12183"},{"taxonomy":"product_cat","embeddable":true,"href":"https:\/\/tickets.alanteflamenco.com\/index.php\/wp-json\/wp\/v2\/product_cat?post=12183"},{"taxonomy":"product_tag","embeddable":true,"href":"https:\/\/tickets.alanteflamenco.com\/index.php\/wp-json\/wp\/v2\/product_tag?post=12183"}],"curies":[{"name":"wp","href":"https:\/\/api.w.org\/{rel}","templated":true}]}}